{"id":6617,"date":"2014-07-21T03:01:34","date_gmt":"2014-07-21T03:01:34","guid":{"rendered":"http:\/\/ivanrodero.com\/clients\/?page_id=6617"},"modified":"2025-07-22T15:19:50","modified_gmt":"2025-07-22T15:19:50","slug":"tratamiento-de-afluentes-liquidos","status":"publish","type":"page","link":"https:\/\/www.impec.com.ar\/?page_id=6617","title":{"rendered":"EFLUENTES L\u00cdQUIDOS"},"content":{"rendered":"<p>Ofrecemos al mercado a trav\u00e9s de nuestros productos y servicios la m\u00e1s avanzada tecnolog\u00eda en materia de optimizaci\u00f3n y mejora de plantas de tratamiento de efluentes del m\u00e1s variado origen, con aplicaciones para industrias, actividades de servicios p\u00fablicos y privados.<\/p>\n<p style=\"text-align: justify;\">Disponemos de personal capacitado para operar Sistemas de Tratamientos de Efluentes, ya sean cloacales o industriales, de modo tal de garantizar operaciones seguras y ambientalmente adecuadas.<\/p>\n<ul>\n<li>Asesoramiento<\/li>\n<li>Auditorias t\u00e9cnicas<\/li>\n<li>Puesta en marcha y optimizaci\u00f3n de plantas existentes<\/li>\n<li>Operaci\u00f3n integral<\/li>\n<\/ul>\n<p style=\"text-align: justify;\">Complementando los servicios ofrecidos, contamos con un laboratorio para realizar caracterizaci\u00f3n de efluentes, estudios de tratabilidad y controles en plantas de tratamiento.<\/p>\n<ul>\n<li>An\u00e1lisis \u00a0y caracterizaci\u00f3n de efluentes<\/li>\n<li>Estudios de tratabilidad de efluentes l\u00edquidos<\/li>\n<li>Control externo<\/li>\n<\/ul>\n\n<table id=\"tablepress-14\" class=\"tablepress tablepress-id-14\">\n<tbody class=\"row-striping\">\n<tr class=\"row-1\">\n\t<td class=\"column-1\"><a href=\"https:\/\/www.impec.com.ar\/?page_id=6673\"><img loading=\"lazy\" decoding=\"async\" src=\"https:\/\/www.impec.com.ar\/wp-content\/uploads\/2014\/07\/011-300x112.jpg\" alt=\"01\" width=\"300\" height=\"112\" class=\"alignnone size-medium wp-image-6866\" srcset=\"https:\/\/www.impec.com.ar\/wp-content\/uploads\/2014\/07\/011-300x112.jpg 300w, https:\/\/www.impec.com.ar\/wp-content\/uploads\/2014\/07\/011.jpg 803w\" sizes=\"auto, (max-width: 300px) 100vw, 300px\" \/><\/a><\/td><td class=\"column-2\"><a href=\"https:\/\/www.impec.com.ar\/?page_id=6676\"><img loading=\"lazy\" decoding=\"async\" src=\"https:\/\/www.impec.com.ar\/wp-content\/uploads\/2014\/07\/Micronutrientes-300x112.jpg\" alt=\"Micronutrientes\" width=\"300\" height=\"112\" class=\"alignnone size-medium wp-image-6785\" srcset=\"https:\/\/www.impec.com.ar\/wp-content\/uploads\/2014\/07\/Micronutrientes-300x112.jpg 300w, https:\/\/www.impec.com.ar\/wp-content\/uploads\/2014\/07\/Micronutrientes.jpg 803w\" sizes=\"auto, (max-width: 300px) 100vw, 300px\" \/><\/a><\/td>\n<\/tr>\n<tr class=\"row-2\">\n\t<td class=\"column-1\"><a href=\"https:\/\/www.impec.com.ar\/?page_id=6673\">PRODUCTOS BIOL\u00d3GICOS<\/a><\/td><td class=\"column-2\"><a href=\"https:\/\/www.impec.com.ar\/?page_id=6676\">MICRONUTRIENTES<\/a><\/td>\n<\/tr>\n<tr class=\"row-3\">\n\t<td class=\"column-1\"><a href=\"https:\/\/www.impec.com.ar\/?page_id=6678\"><img loading=\"lazy\" decoding=\"async\" src=\"https:\/\/www.impec.com.ar\/wp-content\/uploads\/2014\/07\/021-300x112.jpg\" alt=\"02\" width=\"300\" height=\"112\" class=\"alignnone size-medium wp-image-6867\" srcset=\"https:\/\/www.impec.com.ar\/wp-content\/uploads\/2014\/07\/021-300x112.jpg 300w, https:\/\/www.impec.com.ar\/wp-content\/uploads\/2014\/07\/021.jpg 803w\" sizes=\"auto, (max-width: 300px) 100vw, 300px\" \/><\/a><\/td><td class=\"column-2\"><a href=\"https:\/\/www.impec.com.ar\/?page_id=6680\"><img loading=\"lazy\" decoding=\"async\" src=\"https:\/\/www.impec.com.ar\/wp-content\/uploads\/2014\/07\/031-300x112.jpg\" alt=\"03\" width=\"300\" height=\"112\" class=\"alignnone size-medium wp-image-6868\" srcset=\"https:\/\/www.impec.com.ar\/wp-content\/uploads\/2014\/07\/031-300x112.jpg 300w, https:\/\/www.impec.com.ar\/wp-content\/uploads\/2014\/07\/031.jpg 803w\" sizes=\"auto, (max-width: 300px) 100vw, 300px\" \/><\/a><\/td>\n<\/tr>\n<tr class=\"row-4\">\n\t<td class=\"column-1\"><a href=\"https:\/\/www.impec.com.ar\/?page_id=6678\">PRODUCTOS QU\u00cdMICOS<\/a><\/td><td class=\"column-2\"><a href=\"https:\/\/www.impec.com.ar\/?page_id=6680\">VIALES DE DQO<\/a><\/td>\n<\/tr>\n<\/tbody>\n<\/table>\n<!-- #tablepress-14 from cache -->\n","protected":false},"excerpt":{"rendered":"<p>Ofrecemos al mercado a trav\u00e9s de nuestros productos y servicios la m\u00e1s avanzada tecnolog\u00eda en materia de optimizaci\u00f3n y mejora de plantas de tratamiento de efluentes del m\u00e1s variado origen, con aplicaciones para industrias, actividades de servicios p\u00fablicos y privados.<\/p>\n","protected":false},"author":1,"featured_media":10241,"parent":0,"menu_order":0,"comment_status":"open","ping_status":"open","template":"","meta":{"footnotes":""},"class_list":["post-6617","page","type-page","status-publish","has-post-thumbnail","hentry"],"_links":{"self":[{"href":"https:\/\/www.impec.com.ar\/index.php?rest_route=\/wp\/v2\/pages\/6617","targetHints":{"allow":["GET"]}}],"collection":[{"href":"https:\/\/www.impec.com.ar\/index.php?rest_route=\/wp\/v2\/pages"}],"about":[{"href":"https:\/\/www.impec.com.ar\/index.php?rest_route=\/wp\/v2\/types\/page"}],"author":[{"embeddable":true,"href":"https:\/\/www.impec.com.ar\/index.php?rest_route=\/wp\/v2\/users\/1"}],"replies":[{"embeddable":true,"href":"https:\/\/www.impec.com.ar\/index.php?rest_route=%2Fwp%2Fv2%2Fcomments&post=6617"}],"version-history":[{"count":2,"href":"https:\/\/www.impec.com.ar\/index.php?rest_route=\/wp\/v2\/pages\/6617\/revisions"}],"predecessor-version":[{"id":7009,"href":"https:\/\/www.impec.com.ar\/index.php?rest_route=\/wp\/v2\/pages\/6617\/revisions\/7009"}],"wp:featuredmedia":[{"embeddable":true,"href":"https:\/\/www.impec.com.ar\/index.php?rest_route=\/wp\/v2\/media\/10241"}],"wp:attachment":[{"href":"https:\/\/www.impec.com.ar\/index.php?rest_route=%2Fwp%2Fv2%2Fmedia&parent=6617"}],"curies":[{"name":"wp","href":"https:\/\/api.w.org\/{rel}","templated":true}]}}