{"id":6621,"date":"2014-07-21T03:02:37","date_gmt":"2014-07-21T03:02:37","guid":{"rendered":"http:\/\/ivanrodero.com\/clients\/?page_id=6621"},"modified":"2019-09-30T16:32:11","modified_gmt":"2019-09-30T16:32:11","slug":"biorremediacion-de-suelos","status":"publish","type":"page","link":"https:\/\/www.impec.com.ar\/?page_id=6621","title":{"rendered":"BIORREMEDIACI\u00d3N DE SUELOS"},"content":{"rendered":"<p><span class=\"texto\">Proveemos concentrados de microorganismos espec\u00edficos seleccionados para la degradaci\u00f3n de distintos hidrocarburos y tenemos la capacidad de seleccionar, aislar y producir pooles a partir de suelos contaminados.<\/span><\/p>\n<p><span class=\"texto\"><em>La \u00a0aplicaci\u00f3n de los cultivos espec\u00edficos permite controlar la naturaleza de la biomasa, asegurando que el tipo adecuado de microorganismos se encuentren en cantidad suficiente para degradar los compuestos contaminantes acelerando los tiempos de degradaci\u00f3n<\/em>.<\/span><\/p>\n<p>Contamos adem\u00e1s con un laboratorio para realizar ensayos de factibilidad de descontaminaci\u00f3n y optimizaci\u00f3n de procesos.<\/p>\n<h3>Beneficio de su aplicaci\u00f3n:<\/h3>\n<ul class=\"style1\">\n<li class=\"lista\">Permite asegurar una poblaci\u00f3n microbiana estable y viable en el transcurso del proceso de remediaci\u00f3n.<\/li>\n<li class=\"lista\">Incrementa los niveles de degradaci\u00f3n.<\/li>\n<li class=\"lista\">Reduce significativamente el per\u00edodo de la remediaci\u00f3n\u00a0 de suelos.<\/li>\n<li class=\"lista\">Reduce costos.<\/li>\n<\/ul>\n\n<table id=\"tablepress-9\" class=\"tablepress tablepress-id-9\">\n<thead>\n<tr class=\"row-1\">\n\t<th class=\"column-1\">Productos<\/th><th class=\"column-2\">Caracter\u00edsticas<\/th><th class=\"column-3\">Usos<\/th><th class=\"column-4\">Fichas<\/th><th class=\"column-5\">Hojas de seguridad<\/th>\n<\/tr>\n<\/thead>\n<tbody>\n<tr class=\"row-2\">\n\t<td class=\"column-1\"><strong>SOLIBAC SOIL<\/strong><\/td><td class=\"column-2\">Bacterias en soporte s\u00f3lidos. Degrada hidrocarburos y derivados del petr\u00f3leo.<\/td><td class=\"column-3\">Landfarming, biopilas y biorremediaci\u00f3n in situ.<\/td><td class=\"column-4\"><a href=\"..\/archivos\/Ficha Tecnica SOLIBAC SOIL.pdf\" target=\"_blank\"><img decoding=\"async\" src=\"https:\/\/www.impec.com.ar\/wp-content\/uploads\/2014\/09\/Pdf.png\" \/><\/a><\/td><td class=\"column-5\"><a href=\"..\/archivos\/Hoja de Seguridad SOLIBAC SOIL.pdf\" target=\"_blank\"><img decoding=\"async\" src=\"https:\/\/www.impec.com.ar\/wp-content\/uploads\/2014\/09\/Pdf.png\" \/><\/a><\/td>\n<\/tr>\n<tr class=\"row-3\">\n\t<td class=\"column-1\"><strong>LIQUIBAC BA<\/strong><\/td><td class=\"column-2\">Bacterias en suspensi\u00f3n l\u00edquida. Degrada hidrocarburos y derivados del petr\u00f3leo.<\/td><td class=\"column-3\">Landfarming, biopilas y biorremediaci\u00f3n in situ.<\/td><td class=\"column-4\"><a href=\"..\/archivos\/Ficha Tecnica LIQUIBAC BA.pdf\" target=\"_blank\"><img decoding=\"async\" src=\"https:\/\/www.impec.com.ar\/wp-content\/uploads\/2014\/09\/Pdf.png\" \/><\/a><\/td><td class=\"column-5\"><a href=\"..\/archivos\/Hoja de Seguridad LIQUIBAC BA.pdf\" target=\"_blank\"><img decoding=\"async\" src=\"https:\/\/www.impec.com.ar\/wp-content\/uploads\/2014\/09\/Pdf.png\" \/><\/a><\/td>\n<\/tr>\n<tr class=\"row-4\">\n\t<td class=\"column-1\"><strong>PETROCLEAN<\/strong><\/td><td class=\"column-2\">Producto novedoso, seguro y de f\u00e1cil aplicaci\u00f3n que elimina r\u00e1pidamente las manchas de aceites e hidrocarburos de las superficies.<\/td><td class=\"column-3\">Refiner\u00edas, estaciones de servicio, centros de log\u00edstica, estaciones de buses y trenes y en todos aquellos lugares donde es necesario simplificar y mejorar las operaciones de limpieza.<\/td><td class=\"column-4\"><a href=\"..\/archivos\/Petroclean Ficha Tecnica.pdf\" target=\"_blank\"><img decoding=\"async\" src=\"https:\/\/www.impec.com.ar\/wp-content\/uploads\/2014\/09\/Pdf.png\" \/><\/a><\/td><td class=\"column-5\"><a href=\"..\/archivos\/Petroclean Hoja de Seguridad.pdf\" target=\"_blank\"><img decoding=\"async\" src=\"https:\/\/www.impec.com.ar\/wp-content\/uploads\/2014\/09\/Pdf.png\" \/><\/a><\/td>\n<\/tr>\n<\/tbody>\n<\/table>\n<!-- #tablepress-9 from cache -->\n","protected":false},"excerpt":{"rendered":"<p>Proveemos concentrados de microorganismos espec\u00edficos seleccionados para la degradaci\u00f3n de distintos hidrocarburos y tenemos la capacidad de seleccionar, aislar y producir pooles a partir de suelos contaminados. La \u00a0aplicaci\u00f3n de los cultivos espec\u00edficos permite controlar la naturaleza de la biomasa,<\/p>\n","protected":false},"author":1,"featured_media":6872,"parent":0,"menu_order":0,"comment_status":"open","ping_status":"closed","template":"","meta":{"footnotes":""},"class_list":["post-6621","page","type-page","status-publish","has-post-thumbnail","hentry"],"_links":{"self":[{"href":"https:\/\/www.impec.com.ar\/index.php?rest_route=\/wp\/v2\/pages\/6621","targetHints":{"allow":["GET"]}}],"collection":[{"href":"https:\/\/www.impec.com.ar\/index.php?rest_route=\/wp\/v2\/pages"}],"about":[{"href":"https:\/\/www.impec.com.ar\/index.php?rest_route=\/wp\/v2\/types\/page"}],"author":[{"embeddable":true,"href":"https:\/\/www.impec.com.ar\/index.php?rest_route=\/wp\/v2\/users\/1"}],"replies":[{"embeddable":true,"href":"https:\/\/www.impec.com.ar\/index.php?rest_route=%2Fwp%2Fv2%2Fcomments&post=6621"}],"version-history":[{"count":1,"href":"https:\/\/www.impec.com.ar\/index.php?rest_route=\/wp\/v2\/pages\/6621\/revisions"}],"predecessor-version":[{"id":6953,"href":"https:\/\/www.impec.com.ar\/index.php?rest_route=\/wp\/v2\/pages\/6621\/revisions\/6953"}],"wp:featuredmedia":[{"embeddable":true,"href":"https:\/\/www.impec.com.ar\/index.php?rest_route=\/wp\/v2\/media\/6872"}],"wp:attachment":[{"href":"https:\/\/www.impec.com.ar\/index.php?rest_route=%2Fwp%2Fv2%2Fmedia&parent=6621"}],"curies":[{"name":"wp","href":"https:\/\/api.w.org\/{rel}","templated":true}]}}