{"id":6623,"date":"2014-07-21T03:03:04","date_gmt":"2014-07-21T03:03:04","guid":{"rendered":"http:\/\/ivanrodero.com\/clients\/?page_id=6623"},"modified":"2025-01-22T17:52:52","modified_gmt":"2025-01-22T17:52:52","slug":"control-de-olores","status":"publish","type":"page","link":"https:\/\/www.impec.com.ar\/?page_id=6623","title":{"rendered":"CONTROL DE OLORES"},"content":{"rendered":"<p>La generaci\u00f3n de los malos olores esta generalmente asociada al resultado de procesos de degradaci\u00f3n anaer\u00f3bica.<\/p>\n<p>Podemos hablar de dos fuentes de olor: uno de la descomposici\u00f3n de compuestos org\u00e1nicos y el segundo de compuestos inorg\u00e1nicos.<\/p>\n<p>Nuestros productos son formulaciones combinadas con enzimas en suspensi\u00f3n acuosa que modifican las condiciones generadoras de olores debido a la descomposici\u00f3n de compuestos org\u00e1nicos.<br \/>\nDependiendo de la naturaleza del compuesto generador y la instalaci\u00f3n contamos con productos y equipos para su eliminaci\u00f3n y control.<\/p>\n<div class=\"csRow\">\n<div class=\"csColumn\" style=\"margin: 0px; padding: 0px; float: left; width: 48.7%;\" data-csid=\"58e6a215-ac94-bd25-83fd-7cbce902c25d\" data-cswidth=\"48.7%\" data-csendpoint=\"391\" data-csstartpoint=\"0\">\n<h3>Beneficios:<\/h3>\n<ul>\n<li class=\"lista\" style=\"text-align: justify;\">Acci\u00f3n inmediata y f\u00e1cil manejo.<\/li>\n<li class=\"lista\" style=\"text-align: justify;\">Eliminaci\u00f3n de olores nauseabundos.<\/li>\n<li class=\"lista\" style=\"text-align: justify;\">Evita necesidades de refrigeraci\u00f3n, para el caso de dep\u00f3sitos de residuos.<\/li>\n<li class=\"lista\" style=\"text-align: justify;\">La acci\u00f3n desodorizante se prolonga sobre el foco de olor tratado evitando inconvenientes\u00a0 en su almacenamiento y posterior transporte.<\/li>\n<\/ul>\n<\/div>\n<div class=\"csColumnGap\" style=\"margin: 0px; padding: 0px; float: left; width: 2.49%;\"><img decoding=\"async\" src=\"http:\/\/ivanrodero.com\/clients\/wp-content\/plugins\/advanced-wp-columns\/assets\/js\/plugins\/views\/img\/1x1-pixel.png\" alt=\"\" \/><\/div>\n<div class=\"csColumn\" style=\"margin: 0px; padding: 0px; float: left; width: 48.8%;\" data-csid=\"4f40b7c7-87ad-6f7f-ba86-6c669dd7f54b\" data-cswidth=\"48.8%\" data-csendpoint=\"803\" data-csstartpoint=\"411\">\n<h3>Lugares de aplicaci\u00f3n:<\/h3>\n<ul>\n<li class=\"lista\" style=\"text-align: justify;\">Contenedores de basura.<\/li>\n<li class=\"lista\" style=\"text-align: justify;\">Residuos org\u00e1nicos.<\/li>\n<li class=\"lista\" style=\"text-align: justify;\">Sistemas cloacales.<\/li>\n<li class=\"lista\" style=\"text-align: justify;\">Trampas de grasa.<\/li>\n<li class=\"lista\" style=\"text-align: justify;\">Plantas de tratamiento de efluentes.<\/li>\n<\/ul>\n<\/div>\n<div style=\"clear: both; float: none; display: block; visibility: hidden; width: 0px; font-size: 0px; line-height: 0;\"><\/div>\n<\/div>\n\n<table id=\"tablepress-11\" class=\"tablepress tablepress-id-11\">\n<thead>\n<tr class=\"row-1\">\n\t<th class=\"column-1\">Productos<\/th><th class=\"column-2\">Caracter\u00edsticas<\/th><th class=\"column-3\">Usos<\/th><th class=\"column-4\">Fichas<\/th><th class=\"column-5\">Hojas de seguridad<\/th>\n<\/tr>\n<\/thead>\n<tbody>\n<tr class=\"row-2\">\n\t<td class=\"column-1\"><strong>ODORBLOCK 10X<\/strong><\/td><td class=\"column-2\">Producto Enzim\u00e1tico.<\/td><td class=\"column-3\">Basura, residuos org\u00e1nicos y<br \/>\ntrampas de grasa.<\/td><td class=\"column-4\"><a href=\"..\/archivos\/Ficha Tecnica ODORBLOCK 10X.pdf\" target=\"_blank\"><img decoding=\"async\" src=\"https:\/\/www.impec.com.ar\/wp-content\/uploads\/2014\/09\/Pdf.png\" \/><\/a><\/td><td class=\"column-5\"><a href=\"..\/archivos\/Hoja de Seguridad ODORBLOCK 10X.pdf\" target=\"_blank\"><img decoding=\"async\" src=\"https:\/\/www.impec.com.ar\/wp-content\/uploads\/2014\/09\/Pdf.png\" \/><\/a><\/td>\n<\/tr>\n<tr class=\"row-3\">\n\t<td class=\"column-1\"><strong>LIQUIBAC IS<\/strong><\/td><td class=\"column-2\">Producto Biol\u00f3gico. <\/td><td class=\"column-3\">Efluentes, sistemas cloacales,<br \/>\ncontrol de sulfuros.<\/td><td class=\"column-4\"><a href=\"..\/archivos\/Ficha Tecnica LIQUIBAC IS.pdf\" target=\"_blank\"><img decoding=\"async\" src=\"https:\/\/www.impec.com.ar\/wp-content\/uploads\/2014\/09\/Pdf.png\" \/><\/a><\/td><td class=\"column-5\"><a href=\"..\/archivos\/Hoja de Seguridad LIQUIBAC IS.pdf\" target=\"_blank\"><img decoding=\"async\" src=\"https:\/\/www.impec.com.ar\/wp-content\/uploads\/2014\/09\/Pdf.png\" \/><\/a><\/td>\n<\/tr>\n<tr class=\"row-4\">\n\t<td class=\"column-1\"><strong>ODORBLOCK BQ<\/strong><\/td><td class=\"column-2\">Producto Enzim\u00e1tico.<\/td><td class=\"column-3\">Ba\u00f1os qu\u00edmicos, buses, motorhomes, barcos y aviones.<\/td><td class=\"column-4\"><a href=\"..\/archivos\/Ficha Tecnica ODORBLOCK BQ.pdf\" target=\"_blank\"><img decoding=\"async\" src=\"https:\/\/www.impec.com.ar\/wp-content\/uploads\/2014\/09\/Pdf.png\" \/><\/a><\/td><td class=\"column-5\"><a href=\"..\/archivos\/Hoja de Seguridad ODORBLOCK BQ.pdf\" target=\"_blank\"><img decoding=\"async\" src=\"https:\/\/www.impec.com.ar\/wp-content\/uploads\/2014\/09\/Pdf.png\" \/><\/a><\/td>\n<\/tr>\n<tr class=\"row-5\">\n\t<td class=\"column-1\"><strong>ODORBLOCK Y<\/strong><\/td><td class=\"column-2\">Producto l\u00edquido de extractos vegetales y minerales para el control del amon\u00edaco (NH<sub>3 <\/sub>).<\/td><td class=\"column-3\">Bebederos  e instalaciones de criaderos de animales, camas de granjas de pollos, establos bovinos y equinos.<\/td><td class=\"column-4\"><a href=\"..\/archivos\/Ficha Tecnica ODORBLOCK Y.pdf\" target=\"_blank\"><img decoding=\"async\" src=\"https:\/\/www.impec.com.ar\/wp-content\/uploads\/2014\/09\/Pdf.png\" \/><\/a><\/td><td class=\"column-5\"><a href=\"..\/archivos\/Hoja de Seguridad ODORBLOCK Y.pdf\" target=\"_blank\"><img decoding=\"async\" src=\"https:\/\/www.impec.com.ar\/wp-content\/uploads\/2014\/09\/Pdf.png\" \/><\/a><\/td>\n<\/tr>\n<\/tbody>\n<\/table>\n\n","protected":false},"excerpt":{"rendered":"<p>La generaci\u00f3n de los malos olores esta generalmente asociada al resultado de procesos de degradaci\u00f3n anaer\u00f3bica. Podemos hablar de dos fuentes de olor: uno de la descomposici\u00f3n de compuestos org\u00e1nicos y el segundo de compuestos inorg\u00e1nicos. Nuestros productos son formulaciones<\/p>\n","protected":false},"author":1,"featured_media":6739,"parent":0,"menu_order":0,"comment_status":"open","ping_status":"closed","template":"","meta":{"footnotes":""},"class_list":["post-6623","page","type-page","status-publish","has-post-thumbnail","hentry"],"_links":{"self":[{"href":"https:\/\/www.impec.com.ar\/index.php?rest_route=\/wp\/v2\/pages\/6623","targetHints":{"allow":["GET"]}}],"collection":[{"href":"https:\/\/www.impec.com.ar\/index.php?rest_route=\/wp\/v2\/pages"}],"about":[{"href":"https:\/\/www.impec.com.ar\/index.php?rest_route=\/wp\/v2\/types\/page"}],"author":[{"embeddable":true,"href":"https:\/\/www.impec.com.ar\/index.php?rest_route=\/wp\/v2\/users\/1"}],"replies":[{"embeddable":true,"href":"https:\/\/www.impec.com.ar\/index.php?rest_route=%2Fwp%2Fv2%2Fcomments&post=6623"}],"version-history":[{"count":1,"href":"https:\/\/www.impec.com.ar\/index.php?rest_route=\/wp\/v2\/pages\/6623\/revisions"}],"predecessor-version":[{"id":10236,"href":"https:\/\/www.impec.com.ar\/index.php?rest_route=\/wp\/v2\/pages\/6623\/revisions\/10236"}],"wp:featuredmedia":[{"embeddable":true,"href":"https:\/\/www.impec.com.ar\/index.php?rest_route=\/wp\/v2\/media\/6739"}],"wp:attachment":[{"href":"https:\/\/www.impec.com.ar\/index.php?rest_route=%2Fwp%2Fv2%2Fmedia&parent=6623"}],"curies":[{"name":"wp","href":"https:\/\/api.w.org\/{rel}","templated":true}]}}