{"id":6625,"date":"2014-07-21T03:03:26","date_gmt":"2014-07-21T03:03:26","guid":{"rendered":"http:\/\/ivanrodero.com\/clients\/?page_id=6625"},"modified":"2019-09-30T16:31:36","modified_gmt":"2019-09-30T16:31:36","slug":"sistemas-septicos","status":"publish","type":"page","link":"https:\/\/www.impec.com.ar\/?page_id=6625","title":{"rendered":"SISTEMAS S\u00c9PTICOS"},"content":{"rendered":"<p>Los concentrados de bacterias <strong>SOLIBAC GR \/ LIQUIBAC GC<\/strong> son productos dise\u00f1ados espec\u00edficamente para proveer una r\u00e1pida penetraci\u00f3n, desobstrucci\u00f3n y degradaci\u00f3n de dep\u00f3sitos org\u00e1nicos en sistemas de drenajes, trampas de grasa y pozos ciegos.<\/p>\n<p>Los microorganismos presentes en los productos tienen una alta actividad enzim\u00e1tica frente a sustratos espec\u00edficos tales como aceites, grasas, prote\u00ednas, almidones y carbohidratos.<\/p>\n<p>La aplicaci\u00f3n adecuada de los productos permite obtener beneficios en las siguientes aplicaciones:<\/p>\n<div class=\"csRow\">\n<div class=\"csColumn\" style=\"margin: 0px; padding: 0px; float: left; width: 32.5%;\" data-csid=\"4b6fbd50-d292-44aa-9514-a0a256639def\" data-cswidth=\"32.5%\" data-csendpoint=\"261\" data-csstartpoint=\"0\">\n<h3>Pozos Ciegos:<\/h3>\n<ul class=\"lista\">\n<li class=\"lista\" style=\"text-align: left;\">Recupera la permeabilidad del sistema reduciendo la necesidad de camiones atmosf\u00e9ricos<\/li>\n<li class=\"lista\" style=\"text-align: left;\">Mantiene el pozo desobstruido<\/li>\n<li class=\"lista\" style=\"text-align: left;\">Elimina los malos olores.<\/li>\n<\/ul>\n<\/div>\n<div class=\"csColumnGap\" style=\"margin: 0px; padding: 0px; float: left; width: 1.49%;\"><img decoding=\"async\" src=\"http:\/\/ivanrodero.com\/clients\/wp-content\/plugins\/advanced-wp-columns\/assets\/js\/plugins\/views\/img\/1x1-pixel.png\" alt=\"\" \/><\/div>\n<div class=\"csColumn\" style=\"margin: 0px; padding: 0px; float: left; width: 32%;\" data-csid=\"14a4bb61-810e-d69d-897a-6d3e570d687a\" data-cswidth=\"32.0%\" data-csendpoint=\"530\" data-csstartpoint=\"273\">\n<h3>Trampas de Grasa:<\/h3>\n<ul>\n<li class=\"lista\" style=\"text-align: left;\">Evita la obstrucci\u00f3n de origen org\u00e1nico.<\/li>\n<li class=\"lista\" style=\"text-align: left;\">Desodoriza el sistema.<\/li>\n<li class=\"lista\" style=\"text-align: left;\">Ahorra en destapaciones, mantenimiento y<br \/>\ndisposici\u00f3n final.<\/li>\n<\/ul>\n<\/div>\n<div class=\"csColumnGap\" style=\"margin: 0px; padding: 0px; float: left; width: 1.49%;\"><img decoding=\"async\" src=\"http:\/\/ivanrodero.com\/clients\/wp-content\/plugins\/advanced-wp-columns\/assets\/js\/plugins\/views\/img\/1x1-pixel.png\" alt=\"\" \/><\/div>\n<div class=\"csColumn\" style=\"margin: 0px; padding: 0px; float: left; width: 32.5%;\" data-csid=\"90596146-577f-ba8c-b477-a7ff790b1c09\" data-cswidth=\"32.5%\" data-csendpoint=\"803\" data-csstartpoint=\"542\">\n<h3>Sistemas cloacales:<\/h3>\n<ul>\n<li class=\"lista\" style=\"text-align: left;\">Evita la obstrucci\u00f3n de origen org\u00e1nico.<\/li>\n<li class=\"lista\" style=\"text-align: left;\">Se recupera el di\u00e1metro efectivo de las ca\u00f1er\u00edas.<\/li>\n<li class=\"lista\" style=\"text-align: left;\">Desodoriza el sistema.<\/li>\n<li class=\"texto style2\" style=\"text-align: left;\"><span class=\"lista\">Reduce necesidad de limpiezas mec\u00e1nicas.<\/span><\/li>\n<\/ul>\n<\/div>\n<\/div>\n\n<table id=\"tablepress-12\" class=\"tablepress tablepress-id-12\">\n<thead>\n<tr class=\"row-1\">\n\t<th class=\"column-1\">Productos<\/th><th class=\"column-2\">Caracter\u00edsticas<\/th><th class=\"column-3\">Usos<\/th><th class=\"column-4\">Fichas<\/th><th class=\"column-5\">Hojas de seguridad<\/th>\n<\/tr>\n<\/thead>\n<tbody>\n<tr class=\"row-2\">\n\t<td class=\"column-1\"><strong>SOLIBAC GR<\/strong><\/td><td class=\"column-2\">Degrada grasas, aceites, prote\u00ednas, almidones y carbohidratos. <\/td><td class=\"column-3\">Pozos ciegos, trampas de grasa y ca\u00f1er\u00edas.<\/td><td class=\"column-4\"><a href=\"..\/archivos\/Ficha Tecnica SOLIBAC GR.pdf\" target=\"_blank\"><img decoding=\"async\" src=\"https:\/\/www.impec.com.ar\/wp-content\/uploads\/2014\/09\/Pdf.png\" \/><\/a><\/td><td class=\"column-5\"><a href=\"..\/archivos\/Hoja de Seguridad SOLIBAC GR.pdf\" target=\"_blank\"><img decoding=\"async\" src=\"https:\/\/www.impec.com.ar\/wp-content\/uploads\/2014\/09\/Pdf.png\" \/><\/a><\/td>\n<\/tr>\n<tr class=\"row-3\">\n\t<td class=\"column-1\"><strong>LIQUIBAC GC<\/strong><\/td><td class=\"column-2\">Degrada grasas, aceites, prote\u00ednas, almidones y carbohidratos. <\/td><td class=\"column-3\">Sistemas cloacales. <\/td><td class=\"column-4\"><a href=\"..\/archivos\/Ficha Tecnica LIQUIBAC GC.pdf\" target=\"_blank\"><img decoding=\"async\" src=\"https:\/\/www.impec.com.ar\/wp-content\/uploads\/2014\/09\/Pdf.png\" \/><\/a><\/td><td class=\"column-5\"><a href=\"..\/archivos\/Hoja de Seguridad LIQUIBAC GC.pdf\" target=\"_blank\"><img decoding=\"async\" src=\"https:\/\/www.impec.com.ar\/wp-content\/uploads\/2014\/09\/Pdf.png\" \/><\/a><\/td>\n<\/tr>\n<\/tbody>\n<\/table>\n<!-- #tablepress-12 from cache -->\n","protected":false},"excerpt":{"rendered":"<p>Los concentrados de bacterias SOLIBAC GR \/ LIQUIBAC GC son productos dise\u00f1ados espec\u00edficamente para proveer una r\u00e1pida penetraci\u00f3n, desobstrucci\u00f3n y degradaci\u00f3n de dep\u00f3sitos org\u00e1nicos en sistemas de drenajes, trampas de grasa y pozos ciegos. Los microorganismos presentes en los productos<\/p>\n","protected":false},"author":1,"featured_media":6738,"parent":0,"menu_order":0,"comment_status":"open","ping_status":"closed","template":"","meta":{"footnotes":""},"class_list":["post-6625","page","type-page","status-publish","has-post-thumbnail","hentry"],"_links":{"self":[{"href":"https:\/\/www.impec.com.ar\/index.php?rest_route=\/wp\/v2\/pages\/6625","targetHints":{"allow":["GET"]}}],"collection":[{"href":"https:\/\/www.impec.com.ar\/index.php?rest_route=\/wp\/v2\/pages"}],"about":[{"href":"https:\/\/www.impec.com.ar\/index.php?rest_route=\/wp\/v2\/types\/page"}],"author":[{"embeddable":true,"href":"https:\/\/www.impec.com.ar\/index.php?rest_route=\/wp\/v2\/users\/1"}],"replies":[{"embeddable":true,"href":"https:\/\/www.impec.com.ar\/index.php?rest_route=%2Fwp%2Fv2%2Fcomments&post=6625"}],"version-history":[{"count":1,"href":"https:\/\/www.impec.com.ar\/index.php?rest_route=\/wp\/v2\/pages\/6625\/revisions"}],"predecessor-version":[{"id":6952,"href":"https:\/\/www.impec.com.ar\/index.php?rest_route=\/wp\/v2\/pages\/6625\/revisions\/6952"}],"wp:featuredmedia":[{"embeddable":true,"href":"https:\/\/www.impec.com.ar\/index.php?rest_route=\/wp\/v2\/media\/6738"}],"wp:attachment":[{"href":"https:\/\/www.impec.com.ar\/index.php?rest_route=%2Fwp%2Fv2%2Fmedia&parent=6625"}],"curies":[{"name":"wp","href":"https:\/\/api.w.org\/{rel}","templated":true}]}}