{"id":6676,"date":"2014-07-31T13:51:01","date_gmt":"2014-07-31T13:51:01","guid":{"rendered":"http:\/\/ivanrodero.com\/clients\/?page_id=6676"},"modified":"2014-07-31T13:51:01","modified_gmt":"2014-07-31T13:51:01","slug":"micronutrientes","status":"publish","type":"page","link":"https:\/\/www.impec.com.ar\/?page_id=6676","title":{"rendered":"Micronutrientes"},"content":{"rendered":"<div align=\"justify\"><span class=\"texto\">Para responder a los cambios c\u00edclicos que ocurren en las plantas (caudales, cargas, pH) o cambios en la producci\u00f3n (shocks t\u00f3xicos), hemos desarrollado una mezcla de micronutrientes, oligoelementos y vitaminas que fortalecen la biomasa evitando el impacto \u00a0de los mismos.<\/span><\/div>\n<div align=\"justify\"><\/div>\n<div align=\"justify\">\n<p><span class=\"texto\"><span class=\"texto\"><i>Microbac aporta los elementos esenciales para el metabolismo celular permitiendo incrementar la variedad y n\u00famero de microorganismos de la biomasa.<\/i><\/span><\/span> El complejo vitam\u00ednico puede ser aplicado en los siguientes sistemas de tratamiento: lodos activados, reactores anaer\u00f3bicos, filtros percoladores, lagunas aner\u00f3bicas, facultativas y aer\u00f3bicos.<\/p>\n<h3>Ventajas de la aplicaci\u00f3n del producto:<\/h3>\n<ul>\n<li class=\"lista\">Mejora en la calidad del efluente final.<\/li>\n<li class=\"lista\">Mejora la calidad del lodo, disminuyendo el uso de pol\u00edmeros y precipitantes.<\/li>\n<li class=\"lista\">Mejora la sedimentabilidad.<\/li>\n<li class=\"lista\">Baja la turbidez.<\/li>\n<li class=\"lista\">Reduce la formaci\u00f3n de colonias filamentosas.<\/li>\n<li class=\"lista\">Aumenta la capacidad de la planta de tratamiento.<\/li>\n<li class=\"lista\">Reduce el efecto de inhibidores.<\/li>\n<li class=\"lista\">Mejora la respuesta de la biomasa ante el ingreso de picos de carga.<\/li>\n<\/ul>\n\n<table id=\"tablepress-2\" class=\"tablepress tablepress-id-2\">\n<thead>\n<tr class=\"row-1\">\n\t<th class=\"column-1\">Productos<\/th><th class=\"column-2\">Caracter\u00edsticas<\/th><th class=\"column-3\">Usos<\/th><th class=\"column-4\">Fichas<\/th><th class=\"column-5\">Hojas de seguridad<\/th>\n<\/tr>\n<\/thead>\n<tbody>\n<tr class=\"row-2\">\n\t<td class=\"column-1\"><strong>MICROBAC<\/strong><\/td><td class=\"column-2\">Complemento de micronutrientes y vitaminas.<\/td><td class=\"column-3\">Tratamientos biol\u00f3gicos.<\/td><td class=\"column-4\"><a href=\"..\/archivos\/Ficha Tecnica IMPEC MICROBAC.pdf\" target=\"_blank\"><img decoding=\"async\" src=\"https:\/\/www.impec.com.ar\/wp-content\/uploads\/2014\/09\/Pdf.png\" \/><\/a><\/td><td class=\"column-5\"><a href=\"..\/archivos\/Hoja de Seguridad MICROBAC.pdf\" target=\"_blank\"><img decoding=\"async\" src=\"https:\/\/www.impec.com.ar\/wp-content\/uploads\/2014\/09\/Pdf.png\" \/><\/a><\/td>\n<\/tr>\n<\/tbody>\n<\/table>\n<!-- #tablepress-2 from cache -->\n<\/div>\n","protected":false},"excerpt":{"rendered":"<p>Para responder a los cambios c\u00edclicos que ocurren en las plantas (caudales, cargas, pH) o cambios en la producci\u00f3n (shocks t\u00f3xicos), hemos desarrollado una mezcla de micronutrientes, oligoelementos y vitaminas que fortalecen la biomasa evitando el impacto \u00a0de los mismos.<\/p>\n","protected":false},"author":1,"featured_media":6785,"parent":6617,"menu_order":0,"comment_status":"open","ping_status":"open","template":"","meta":{"footnotes":""},"class_list":["post-6676","page","type-page","status-publish","has-post-thumbnail","hentry"],"_links":{"self":[{"href":"https:\/\/www.impec.com.ar\/index.php?rest_route=\/wp\/v2\/pages\/6676","targetHints":{"allow":["GET"]}}],"collection":[{"href":"https:\/\/www.impec.com.ar\/index.php?rest_route=\/wp\/v2\/pages"}],"about":[{"href":"https:\/\/www.impec.com.ar\/index.php?rest_route=\/wp\/v2\/types\/page"}],"author":[{"embeddable":true,"href":"https:\/\/www.impec.com.ar\/index.php?rest_route=\/wp\/v2\/users\/1"}],"replies":[{"embeddable":true,"href":"https:\/\/www.impec.com.ar\/index.php?rest_route=%2Fwp%2Fv2%2Fcomments&post=6676"}],"version-history":[{"count":0,"href":"https:\/\/www.impec.com.ar\/index.php?rest_route=\/wp\/v2\/pages\/6676\/revisions"}],"up":[{"embeddable":true,"href":"https:\/\/www.impec.com.ar\/index.php?rest_route=\/wp\/v2\/pages\/6617"}],"wp:featuredmedia":[{"embeddable":true,"href":"https:\/\/www.impec.com.ar\/index.php?rest_route=\/wp\/v2\/media\/6785"}],"wp:attachment":[{"href":"https:\/\/www.impec.com.ar\/index.php?rest_route=%2Fwp%2Fv2%2Fmedia&parent=6676"}],"curies":[{"name":"wp","href":"https:\/\/api.w.org\/{rel}","templated":true}]}}