{"id":6678,"date":"2014-07-31T13:53:24","date_gmt":"2014-07-31T13:53:24","guid":{"rendered":"http:\/\/ivanrodero.com\/clients\/?page_id=6678"},"modified":"2014-07-31T13:53:24","modified_gmt":"2014-07-31T13:53:24","slug":"productos-quimicos","status":"publish","type":"page","link":"https:\/\/www.impec.com.ar\/?page_id=6678","title":{"rendered":"Productos qu\u00edmicos"},"content":{"rendered":"<h3>Coagulantes y floculantes:<\/h3>\n<p>Nuestros coagulantes y floculantes optimizan los procesos biomec\u00e1nicos convencionales al aumentar la eficiencia de separaci\u00f3n s\u00f3lido l\u00edquido.<\/p>\n<p>A partir del estudio de cada caso en particular formulamos la combinaci\u00f3n de coagulantes org\u00e1nicos \u00a0e inorg\u00e1nicos l\u00edquidos para el tratamiento eficiente del efluente.<\/p>\n\n<table id=\"tablepress-3\" class=\"tablepress tablepress-id-3\">\n<thead>\n<tr class=\"row-1\">\n\t<th class=\"column-1\">Productos<\/th><th class=\"column-2\">Caracter\u00edsticas<\/th><th class=\"column-3\">Usos<\/th><th class=\"column-4\">Fichas<\/th><th class=\"column-5\">Hojas de seguridad<\/th>\n<\/tr>\n<\/thead>\n<tbody>\n<tr class=\"row-2\">\n\t<td class=\"column-1\"><strong>BRIAC 8000<\/strong><\/td><td class=\"column-2\">Coagulante cati\u00f3nico l\u00edquido.<\/td><td class=\"column-3\">Agua potable y efluentes.<\/td><td class=\"column-4\"><a href=\"..\/archivos\/Ficha Tecnica BRIAC 8000.pdf\" target=\"_blank\"><img decoding=\"async\" src=\"https:\/\/www.impec.com.ar\/wp-content\/uploads\/2014\/09\/Pdf.png\" \/><\/a><\/td><td class=\"column-5\"><a href=\"..\/archivos\/Hoja de Seguridad BRIAC 8000.pdf\" target=\"_blank\"><img decoding=\"async\" src=\"https:\/\/www.impec.com.ar\/wp-content\/uploads\/2014\/09\/Pdf.png\" \/><\/a><\/td>\n<\/tr>\n<tr class=\"row-3\">\n\t<td class=\"column-1\"><strong>BRIAC S8000<\/strong><\/td><td class=\"column-2\">Coagulante cati\u00f3nico l\u00edquido.<\/td><td class=\"column-3\">Agua potable y efluentes.<\/td><td class=\"column-4\"><a href=\"..\/archivos\/Ficha Tecnica BRIAC S-8000.pdf\" target=\"_blank\"><img decoding=\"async\" src=\"https:\/\/www.impec.com.ar\/wp-content\/uploads\/2014\/09\/Pdf.png\" \/><\/a><\/td><td class=\"column-5\"><a href=\"..\/archivos\/Hoja de Seguridad BRIAC S-8000.pdf\" target=\"_blank\"><img decoding=\"async\" src=\"https:\/\/www.impec.com.ar\/wp-content\/uploads\/2014\/09\/Pdf.png\" \/><\/a><\/td>\n<\/tr>\n<tr class=\"row-4\">\n\t<td class=\"column-1\"><strong>BRIAC 5000<\/strong><\/td><td class=\"column-2\">Floculante cati\u00f3nico emulsi\u00f3n.<\/td><td class=\"column-3\">Efluentes y deshidrataci\u00f3n de barros.<\/td><td class=\"column-4\"><a href=\"..\/archivos\/Ficha Tecnica BRIAC 5000.pdf\" target=\"_blank\"><img decoding=\"async\" src=\"https:\/\/www.impec.com.ar\/wp-content\/uploads\/2014\/09\/Pdf.png\" \/><\/a><\/td><td class=\"column-5\"><a href=\"..\/archivos\/Hoja de Seguridad BRIAC 5000.pdf\" target=\"_blank\"><img decoding=\"async\" src=\"https:\/\/www.impec.com.ar\/wp-content\/uploads\/2014\/09\/Pdf.png\" \/><\/a><\/td>\n<\/tr>\n<tr class=\"row-5\">\n\t<td class=\"column-1\"><strong>BRIAC P5000<\/strong><\/td><td class=\"column-2\">Floculante cati\u00f3nico polvo.<\/td><td class=\"column-3\">Efluentes y deshidrataci\u00f3n de barros.<\/td><td class=\"column-4\"><a href=\"..\/archivos\/Ficha Tecnica BRIAC P-5000.pdf\" target=\"_blank\"><img decoding=\"async\" src=\"https:\/\/www.impec.com.ar\/wp-content\/uploads\/2014\/09\/Pdf.png\" \/><\/a><\/td><td class=\"column-5\"><a href=\"..\/archivos\/Hoja de Seguridad BRIAC P-5000.pdf\" target=\"_blank\"><img decoding=\"async\" src=\"https:\/\/www.impec.com.ar\/wp-content\/uploads\/2014\/09\/Pdf.png\" \/><\/a><\/td>\n<\/tr>\n<tr class=\"row-6\">\n\t<td class=\"column-1\"><strong>BRIAC S5000<\/strong><\/td><td class=\"column-2\">Floculante cati\u00f3nico emulsi\u00f3n.<\/td><td class=\"column-3\">Efluentes y deshidrataci\u00f3n de barros.<\/td><td class=\"column-4\"><a href=\"..\/archivos\/Ficha Tecnica BRIAC S-5000.pdf\" target=\"_blank\"><img decoding=\"async\" src=\"https:\/\/www.impec.com.ar\/wp-content\/uploads\/2014\/09\/Pdf.png\" \/><\/a><\/td><td class=\"column-5\"><a href=\"..\/archivos\/Hoja de Seguridad BRIAC S-5000.pdf\" target=\"_blank\"><img decoding=\"async\" src=\"https:\/\/www.impec.com.ar\/wp-content\/uploads\/2014\/09\/Pdf.png\" \/><\/a><\/td>\n<\/tr>\n<tr class=\"row-7\">\n\t<td class=\"column-1\"><strong>BRIAC 7000<\/strong><\/td><td class=\"column-2\">Coagulante ani\u00f3nico emulsi\u00f3n.<\/td><td class=\"column-3\">Efluentes.<\/td><td class=\"column-4\"><a href=\"..\/archivos\/Ficha Tecnica BRIAC 7000.pdf\" target=\"_blank\"><img decoding=\"async\" src=\"https:\/\/www.impec.com.ar\/wp-content\/uploads\/2014\/09\/Pdf.png\" \/><\/a><\/td><td class=\"column-5\"><a href=\"..\/archivos\/Hoja de Seguridad BRIAC 7000.pdf\" target=\"_blank\"><img decoding=\"async\" src=\"https:\/\/www.impec.com.ar\/wp-content\/uploads\/2014\/09\/Pdf.png\" \/><\/a><\/td>\n<\/tr>\n<tr class=\"row-8\">\n\t<td class=\"column-1\"><strong>BRIAC P7000<\/strong><\/td><td class=\"column-2\">Coagulante ani\u00f3nico polvo.<\/td><td class=\"column-3\">Efluentes.<\/td><td class=\"column-4\"><a href=\"..\/archivos\/Ficha Tecnica BRIAC P-7000.pdf\" target=\"_blank\"><img decoding=\"async\" src=\"https:\/\/www.impec.com.ar\/wp-content\/uploads\/2014\/09\/Pdf.png\" \/><\/a><\/td><td class=\"column-5\"><a href=\"..\/archivos\/Hoja de Seguridad BRIAC P-7000.pdf\" target=\"_blank\"><img decoding=\"async\" src=\"https:\/\/www.impec.com.ar\/wp-content\/uploads\/2014\/09\/Pdf.png\" \/><\/a><\/td>\n<\/tr>\n<tr class=\"row-9\">\n\t<td class=\"column-1\"><strong>BRIAC S7000<\/strong><\/td><td class=\"column-2\">Coagulante ani\u00f3nico emulsi\u00f3n.<\/td><td class=\"column-3\">Efluentes.<\/td><td class=\"column-4\"><a href=\"..\/archivos\/Ficha Tecnica BRIAC S-7000.pdf\" target=\"_blank\"><img decoding=\"async\" src=\"https:\/\/www.impec.com.ar\/wp-content\/uploads\/2014\/09\/Pdf.png\" \/><\/a><\/td><td class=\"column-5\"><a href=\"..\/archivos\/Hoja de Seguridad BRIAC S-7000.pdf\" target=\"_blank\"><img decoding=\"async\" src=\"https:\/\/www.impec.com.ar\/wp-content\/uploads\/2014\/09\/Pdf.png\" \/><\/a><\/td>\n<\/tr>\n<tr class=\"row-10\">\n\t<td class=\"column-1\"><strong>BRIAC 5050<\/strong><\/td><td class=\"column-2\">Coagulante cati\u00f3nico l\u00edquido.<\/td><td class=\"column-3\">Sistemas biol\u00f3gicos.<\/td><td class=\"column-4\"><a href=\"..\/archivos\/Ficha Tecnica BRIAC 5050.pdf\" target=\"_blank\"><img decoding=\"async\" src=\"https:\/\/www.impec.com.ar\/wp-content\/uploads\/2014\/09\/Pdf.png\" \/><\/a><\/td><td class=\"column-5\"><a href=\"..\/archivos\/Hoja de Seguridad BRIAC 5050.pdf\" target=\"_blank\"><img decoding=\"async\" src=\"https:\/\/www.impec.com.ar\/wp-content\/uploads\/2014\/09\/Pdf.png\" \/><\/a><\/td>\n<\/tr>\n<tr class=\"row-11\">\n\t<td class=\"column-1\"><strong>BRIAC 5100<\/strong><\/td><td class=\"column-2\">Floculante cati\u00f3nico ramificado.<\/td><td class=\"column-3\">Deshidrataci\u00f3n de barros.<\/td><td class=\"column-4\"><a href=\"..\/archivos\/Ficha Tecnica BRIAC 5100.pdf\" target=\"_blank\"><img decoding=\"async\" src=\"https:\/\/www.impec.com.ar\/wp-content\/uploads\/2014\/09\/Pdf.png\" \/><\/a><\/td><td class=\"column-5\"><a href=\"..\/archivos\/Hoja de Seguridad BRIAC 5100.pdf\" target=\"_blank\"><img decoding=\"async\" src=\"https:\/\/www.impec.com.ar\/wp-content\/uploads\/2014\/09\/Pdf.png\" \/><\/a><\/td>\n<\/tr>\n<tr class=\"row-12\">\n\t<td class=\"column-1\"><strong>BRIAC P-5100<\/strong><\/td><td class=\"column-2\">Floculante cati\u00f3nico en polvo.<\/td><td class=\"column-3\">Deshidrataci\u00f3n de barros.<\/td><td class=\"column-4\"><a href=\"..\/archivos\/Ficha Tecnica BRIAC P-5100.pdf\" target=\"_blank\"><img decoding=\"async\" src=\"https:\/\/www.impec.com.ar\/wp-content\/uploads\/2014\/09\/Pdf.png\" \/><\/a><\/td><td class=\"column-5\"><a href=\"..\/archivos\/Hoja de Seguridad BRIAC P-5100.pdf\" target=\"_blank\"><img decoding=\"async\" src=\"https:\/\/www.impec.com.ar\/wp-content\/uploads\/2014\/09\/Pdf.png\" \/><\/a><\/td>\n<\/tr>\n<tr class=\"row-13\">\n\t<td class=\"column-1\"><strong>My Floc 500<\/strong><\/td><td class=\"column-2\">Coagulante cati\u00f3nico l\u00edquido.<\/td><td class=\"column-3\">Sistemas biol\u00f3gicos.<\/td><td class=\"column-4\"><a href=\"..\/archivos\/Ficha Tecnica MyFloc 500.pdf\" target=\"_blank\"><img decoding=\"async\" src=\"https:\/\/www.impec.com.ar\/wp-content\/uploads\/2014\/09\/Pdf.png\" \/><\/a><\/td><td class=\"column-5\"><a href=\"..\/archivos\/Hoja de Seguridad MyFloc 500.pdf\" target=\"_blank\"><img decoding=\"async\" src=\"https:\/\/www.impec.com.ar\/wp-content\/uploads\/2014\/09\/Pdf.png\" \/><\/a><\/td>\n<\/tr>\n<\/tbody>\n<\/table>\n<!-- #tablepress-3 from cache -->\n<h3>Antiespumantes:<\/h3>\n<p><span class=\"texto\"> Nuestra l\u00ednea de Antiespumantes BRET permiten suprimir y mantener bajo el nivel de la espuma en \u00a0plantas de tratamiento tanto industriales como cloacales. <\/span><\/p>\n\n<table id=\"tablepress-4\" class=\"tablepress tablepress-id-4\">\n<thead>\n<tr class=\"row-1\">\n\t<th class=\"column-1\">Productos<\/th><th class=\"column-2\">Caracter\u00edsticas<\/th><th class=\"column-3\">Usos<\/th><th class=\"column-4\">Fichas<\/th><th class=\"column-5\">Hojas de seguridad<\/th>\n<\/tr>\n<\/thead>\n<tbody>\n<tr class=\"row-2\">\n\t<td class=\"column-1\"><strong>BRET M<\/strong><\/td><td class=\"column-2\">Base Este\u00e1rica.<\/td><td class=\"column-3\">Efluentes \/ Sistemas biol\u00f3gicos.<\/td><td class=\"column-4\"><a href=\"..\/archivos\/Ficha Tecnica BRET M.pdf\" target=\"_blank\"><img decoding=\"async\" src=\"https:\/\/www.impec.com.ar\/wp-content\/uploads\/2014\/09\/Pdf.png\" \/><\/a><\/td><td class=\"column-5\"><a href=\"..\/archivos\/Hoja de Seguridad BRET M.pdf\" target=\"_blank\"><img decoding=\"async\" src=\"https:\/\/www.impec.com.ar\/wp-content\/uploads\/2014\/09\/Pdf.png\" \/><\/a><\/td>\n<\/tr>\n<tr class=\"row-3\">\n\t<td class=\"column-1\"><strong>BRET B<\/strong><\/td><td class=\"column-2\">Base Siliconada.<\/td><td class=\"column-3\">Efluentes \/ Sistemas biol\u00f3gicos.<\/td><td class=\"column-4\"><a href=\"..\/archivos\/Ficha Tecnica BRET B.pdf\" target=\"_blank\"><img decoding=\"async\" src=\"https:\/\/www.impec.com.ar\/wp-content\/uploads\/2014\/09\/Pdf.png\" \/><\/a><\/td><td class=\"column-5\"><a href=\"..\/archivos\/Hoja de Seguridad BRET B.pdf\" target=\"_blank\"><img decoding=\"async\" src=\"https:\/\/www.impec.com.ar\/wp-content\/uploads\/2014\/09\/Pdf.png\" \/><\/a><\/td>\n<\/tr>\n<\/tbody>\n<\/table>\n<!-- #tablepress-4 from cache -->\n<h3>Nutrientes:<\/h3>\n<p><span class=\"texto style8\">Esta l\u00ednea de productos son \u00a0formulados de Nitr\u00f3geno, F\u00f3sforo y Micronutrientes que aportan los elementos necesarios para promover el crecimiento bacteriano.<\/span><\/p>\n<p>De acuerdo a la deficiencia de nutrientes del sistema biol\u00f3gico es el producto a utilizar.<\/p>\n\n<table id=\"tablepress-5\" class=\"tablepress tablepress-id-5\">\n<thead>\n<tr class=\"row-1\">\n\t<th class=\"column-1\">Productos<\/th><th class=\"column-2\">Caracter\u00edsticas<\/th><th class=\"column-3\">Usos<\/th><th class=\"column-4\">Fichas<\/th><th class=\"column-5\">Hojas de seguridad<\/th>\n<\/tr>\n<\/thead>\n<tbody>\n<tr class=\"row-2\">\n\t<td class=\"column-1\"><strong>IMPEC NPM<\/strong><\/td><td class=\"column-2\">Aporta Nitr\u00f3geno, F\u00f3sforo y Micronutrientes. <\/td><td class=\"column-3\">Sistemas biol\u00f3gicos.<\/td><td class=\"column-4\"><a href=\"..\/archivos\/Ficha Tecnica IMPEC NPM.pdf\" target=\"_blank\"><img decoding=\"async\" src=\"https:\/\/www.impec.com.ar\/wp-content\/uploads\/2014\/09\/Pdf.png\" \/><\/a><\/td><td class=\"column-5\"><a href=\"..\/archivos\/Hoja de Seguridad IMPEC NPM.pdf\" target=\"_blank\"><img decoding=\"async\" src=\"https:\/\/www.impec.com.ar\/wp-content\/uploads\/2014\/09\/Pdf.png\" \/><\/a><\/td>\n<\/tr>\n<tr class=\"row-3\">\n\t<td class=\"column-1\"><strong>IMPEC N<\/strong><\/td><td class=\"column-2\">Aporta Nitr\u00f3geno.<\/td><td class=\"column-3\">Sistemas biol\u00f3gicos.<\/td><td class=\"column-4\"><a href=\"..\/archivos\/Ficha Tecnica IMPEC N.pdf\" target=\"_blank\"><img decoding=\"async\" src=\"https:\/\/www.impec.com.ar\/wp-content\/uploads\/2014\/09\/Pdf.png\" \/><\/a><\/td><td class=\"column-5\"><a href=\"..\/archivos\/Hoja de Seguridad IMPEC N.pdf\" target=\"_blank\"><img decoding=\"async\" src=\"https:\/\/www.impec.com.ar\/wp-content\/uploads\/2014\/09\/Pdf.png\" \/><\/a><\/td>\n<\/tr>\n<tr class=\"row-4\">\n\t<td class=\"column-1\"><strong>IMPEC NP<\/strong><\/td><td class=\"column-2\">Aporta Nitr\u00f3geno y F\u00f3sforo.<\/td><td class=\"column-3\">Sistemas biol\u00f3gicos.<\/td><td class=\"column-4\"><a href=\"..\/archivos\/Ficha Tecnica IMPEC NP.pdf\" target=\"_blank\"><img decoding=\"async\" src=\"https:\/\/www.impec.com.ar\/wp-content\/uploads\/2014\/09\/Pdf.png\" \/><\/a><\/td><td class=\"column-5\"><a href=\"..\/archivos\/Hoja de Seguridad IMPEC NP.pdf\" target=\"_blank\"><img decoding=\"async\" src=\"https:\/\/www.impec.com.ar\/wp-content\/uploads\/2014\/09\/Pdf.png\" \/><\/a><\/td>\n<\/tr>\n<tr class=\"row-5\">\n\t<td class=\"column-1\"><strong>IMPEC P<\/strong><\/td><td class=\"column-2\">Aporta F\u00f3sforo.<\/td><td class=\"column-3\">Sistemas biol\u00f3gicos.<\/td><td class=\"column-4\"><a href=\"..\/archivos\/Ficha Tecnica IMPEC P.pdf\" target=\"_blank\"><img decoding=\"async\" src=\"https:\/\/www.impec.com.ar\/wp-content\/uploads\/2014\/09\/Pdf.png\" \/><\/a><\/td><td class=\"column-5\"><a href=\"..\/archivos\/Hoja de Seguridad IMPEC P.pdf\" target=\"_blank\"><img decoding=\"async\" src=\"https:\/\/www.impec.com.ar\/wp-content\/uploads\/2014\/09\/Pdf.png\" \/><\/a><\/td>\n<\/tr>\n<\/tbody>\n<\/table>\n<!-- #tablepress-5 from cache -->\n","protected":false},"excerpt":{"rendered":"<p>Coagulantes y floculantes: Nuestros coagulantes y floculantes optimizan los procesos biomec\u00e1nicos convencionales al aumentar la eficiencia de separaci\u00f3n s\u00f3lido l\u00edquido. A partir del estudio de cada caso en particular formulamos la combinaci\u00f3n de coagulantes org\u00e1nicos \u00a0e inorg\u00e1nicos l\u00edquidos para el<\/p>\n","protected":false},"author":1,"featured_media":6867,"parent":6617,"menu_order":0,"comment_status":"open","ping_status":"open","template":"","meta":{"footnotes":""},"class_list":["post-6678","page","type-page","status-publish","has-post-thumbnail","hentry"],"_links":{"self":[{"href":"https:\/\/www.impec.com.ar\/index.php?rest_route=\/wp\/v2\/pages\/6678","targetHints":{"allow":["GET"]}}],"collection":[{"href":"https:\/\/www.impec.com.ar\/index.php?rest_route=\/wp\/v2\/pages"}],"about":[{"href":"https:\/\/www.impec.com.ar\/index.php?rest_route=\/wp\/v2\/types\/page"}],"author":[{"embeddable":true,"href":"https:\/\/www.impec.com.ar\/index.php?rest_route=\/wp\/v2\/users\/1"}],"replies":[{"embeddable":true,"href":"https:\/\/www.impec.com.ar\/index.php?rest_route=%2Fwp%2Fv2%2Fcomments&post=6678"}],"version-history":[{"count":0,"href":"https:\/\/www.impec.com.ar\/index.php?rest_route=\/wp\/v2\/pages\/6678\/revisions"}],"up":[{"embeddable":true,"href":"https:\/\/www.impec.com.ar\/index.php?rest_route=\/wp\/v2\/pages\/6617"}],"wp:featuredmedia":[{"embeddable":true,"href":"https:\/\/www.impec.com.ar\/index.php?rest_route=\/wp\/v2\/media\/6867"}],"wp:attachment":[{"href":"https:\/\/www.impec.com.ar\/index.php?rest_route=%2Fwp%2Fv2%2Fmedia&parent=6678"}],"curies":[{"name":"wp","href":"https:\/\/api.w.org\/{rel}","templated":true}]}}