{"id":6680,"date":"2014-07-31T13:54:14","date_gmt":"2014-07-31T13:54:14","guid":{"rendered":"http:\/\/ivanrodero.com\/clients\/?page_id=6680"},"modified":"2014-07-31T13:54:14","modified_gmt":"2014-07-31T13:54:14","slug":"viales-de-dqo","status":"publish","type":"page","link":"https:\/\/www.impec.com.ar\/?page_id=6680","title":{"rendered":"Viales de DQO"},"content":{"rendered":"<p><span class=\"texto\">Fabricamos viales de medici\u00f3n de DQO, totalmente compatibles con los equipos y test disponibles en el mercado.<\/span><\/p>\n<p>Solo debe cargarse una nueva curva de calibraci\u00f3n en los equipos programables, sin afectar las curvas existentes.<\/p>\n<p>La metodolog\u00eda de uso no var\u00eda respecto de los kits de otras marcas.<\/p>\n\n<table id=\"tablepress-6\" class=\"tablepress tablepress-id-6 tbody-has-connected-cells\">\n<thead>\n<tr class=\"row-1\">\n\t<th class=\"column-1\">Rangos<\/th><th class=\"column-2\">Presentaci\u00f3n<\/th><th class=\"column-3\">Usos<\/th><th class=\"column-4\">Fichas<\/th><th class=\"column-5\">Hojas de seguridad<\/th>\n<\/tr>\n<\/thead>\n<tbody>\n<tr class=\"row-2\">\n\t<td class=\"column-1\">Bajo (0-150 mg\/l)<\/td><td rowspan=\"3\" class=\"column-2\">Cajas con 50 determinaciones.<\/td><td rowspan=\"3\" class=\"column-3\">Medici\u00f3n de Demanda<br \/>\nQu\u00edmica de Ox\u00edgeno.<\/td><td rowspan=\"3\" class=\"column-4\"><a href=\"..\/archivos\/Ficha Tecnica VIALES DQO.pdf\" target=\"_blank\"><img decoding=\"async\" src=\"https:\/\/www.impec.com.ar\/wp-content\/uploads\/2014\/09\/Pdf.png\" \/><\/a><\/td><td rowspan=\"3\" class=\"column-5\"><a href=\"..\/archivos\/Hoja de Seguridad VIALES DQO.pdf\" target=\"_blank\"><img decoding=\"async\" src=\"https:\/\/www.impec.com.ar\/wp-content\/uploads\/2014\/09\/Pdf.png\" \/><\/a><\/td>\n<\/tr>\n<tr class=\"row-3\">\n\t<td class=\"column-1\">Medio (0-1.500 mg\/l)<\/td>\n<\/tr>\n<tr class=\"row-4\">\n\t<td class=\"column-1\">Alto (0-15.000 mg\/l)<\/td>\n<\/tr>\n<\/tbody>\n<\/table>\n<!-- #tablepress-6 from cache -->\n","protected":false},"excerpt":{"rendered":"<p>Fabricamos viales de medici\u00f3n de DQO, totalmente compatibles con los equipos y test disponibles en el mercado. Solo debe cargarse una nueva curva de calibraci\u00f3n en los equipos programables, sin afectar las curvas existentes. La metodolog\u00eda de uso no var\u00eda<\/p>\n","protected":false},"author":1,"featured_media":6868,"parent":6617,"menu_order":0,"comment_status":"open","ping_status":"open","template":"","meta":{"footnotes":""},"class_list":["post-6680","page","type-page","status-publish","has-post-thumbnail","hentry"],"_links":{"self":[{"href":"https:\/\/www.impec.com.ar\/index.php?rest_route=\/wp\/v2\/pages\/6680","targetHints":{"allow":["GET"]}}],"collection":[{"href":"https:\/\/www.impec.com.ar\/index.php?rest_route=\/wp\/v2\/pages"}],"about":[{"href":"https:\/\/www.impec.com.ar\/index.php?rest_route=\/wp\/v2\/types\/page"}],"author":[{"embeddable":true,"href":"https:\/\/www.impec.com.ar\/index.php?rest_route=\/wp\/v2\/users\/1"}],"replies":[{"embeddable":true,"href":"https:\/\/www.impec.com.ar\/index.php?rest_route=%2Fwp%2Fv2%2Fcomments&post=6680"}],"version-history":[{"count":0,"href":"https:\/\/www.impec.com.ar\/index.php?rest_route=\/wp\/v2\/pages\/6680\/revisions"}],"up":[{"embeddable":true,"href":"https:\/\/www.impec.com.ar\/index.php?rest_route=\/wp\/v2\/pages\/6617"}],"wp:featuredmedia":[{"embeddable":true,"href":"https:\/\/www.impec.com.ar\/index.php?rest_route=\/wp\/v2\/media\/6868"}],"wp:attachment":[{"href":"https:\/\/www.impec.com.ar\/index.php?rest_route=%2Fwp%2Fv2%2Fmedia&parent=6680"}],"curies":[{"name":"wp","href":"https:\/\/api.w.org\/{rel}","templated":true}]}}