{"id":6944,"date":"2018-09-26T13:55:52","date_gmt":"2018-09-26T13:55:52","guid":{"rendered":"http:\/\/localhost\/impec3\/?page_id=6944"},"modified":"2025-01-22T17:50:24","modified_gmt":"2025-01-22T17:50:24","slug":"novedades","status":"publish","type":"page","link":"https:\/\/www.impec.com.ar\/?page_id=6944","title":{"rendered":"NOVEDADES"},"content":{"rendered":"<h3>Con mayor capacidad productiva, IMPEC extiende su presencia en mercados internacionales.<\/h3>\n<p><strong>En el marco de un acuerdo con Rizobacter, la empresa estar\u00e1 preparada para incrementar exponencialmente su oferta y alcanzar nuevos mercados en Sudam\u00e9rica.<\/strong><br \/>\nCon 25 a\u00f1os de trayectoria y liderazgo en el mercado de microbiolog\u00eda ambiental IMPEC est\u00e1 preparada para salir al mundo con su oferta de soluciones biol\u00f3gicas para el tratamiento de efluentes y remediaci\u00f3n de suelos.<br \/>\nRizobacter dispone de una amplia red internacional de filiales y una capacidad productiva de 20 mil litros diarios en una planta industrial con tecnolog\u00eda de vanguardia.<br \/>\nSi bien dichas empresas hab\u00edan trabajado en proyectos compartidos, recientemente formalizaron un acuerdo donde Rizobacter se compromete a aportar su potencial de producci\u00f3n y manejo de estrategias comerciales e IMPEC suma su trayectoria y conocimiento para formular soluciones biol\u00f3gicas orientadas al saneamiento de aguas y suelos contaminados.<br \/>\nEn una primera etapa, Rizobacter tendr\u00e1 como desaf\u00edo comprometer a su red comercial en Brasil, Uruguay y Paraguay; y garantizar\u00e1 su capacidad productiva y soporte t\u00e9cnico para incrementar el volumen de producci\u00f3n necesaria para ampliar el negocio.<br \/>\nPor su parte, IMPEC aportar\u00e1 cepas espec\u00edficamente seleccionadas de Pseudomonas y Bacillus junto al expertise en la formulaci\u00f3n de tecnolog\u00edas dise\u00f1adas para el tratamiento de efluentes l\u00edquidos y remediaci\u00f3n de suelos contaminados con hidrocarburos.<br \/>\nAsimismo, comercializar\u00e1 los productos, incluyendo asesoramiento en el diagn\u00f3stico, implementaci\u00f3n y el seguimiento de la tecnolog\u00eda aplicada en los clientes.<br \/>\n\u201cDurante a\u00f1os apostamos a la utilizaci\u00f3n de microorganismos c\u00f3mo una opci\u00f3n sustentable y eficaz para resolver problemas de contaminaci\u00f3n ambiental y esta alianza nos permitir\u00e1 llevar nuestros productos a nuevos mercados\u201d sostiene Pablo Cavanna, titular de IMPEC.<br \/>\n\u201cPara nosotros es una gran oportunidad de continuar reforzando el diferencial de las tecnolog\u00edas biol\u00f3gicas en la resoluci\u00f3n de m\u00faltiples problem\u00e1ticas productivas y ambientales\u201d asegur\u00f3 Ricardo Yapur, CEO de Rizobacter.<\/p>\n","protected":false},"excerpt":{"rendered":"<p>Con mayor capacidad productiva, IMPEC extiende su presencia en mercados internacionales. En el marco de un acuerdo con Rizobacter, la empresa estar\u00e1 preparada para incrementar exponencialmente su oferta y alcanzar nuevos mercados en Sudam\u00e9rica. Con 25 a\u00f1os de trayectoria y<\/p>\n","protected":false},"author":1,"featured_media":6947,"parent":0,"menu_order":0,"comment_status":"open","ping_status":"closed","template":"","meta":{"footnotes":""},"class_list":["post-6944","page","type-page","status-publish","has-post-thumbnail","hentry"],"_links":{"self":[{"href":"https:\/\/www.impec.com.ar\/index.php?rest_route=\/wp\/v2\/pages\/6944","targetHints":{"allow":["GET"]}}],"collection":[{"href":"https:\/\/www.impec.com.ar\/index.php?rest_route=\/wp\/v2\/pages"}],"about":[{"href":"https:\/\/www.impec.com.ar\/index.php?rest_route=\/wp\/v2\/types\/page"}],"author":[{"embeddable":true,"href":"https:\/\/www.impec.com.ar\/index.php?rest_route=\/wp\/v2\/users\/1"}],"replies":[{"embeddable":true,"href":"https:\/\/www.impec.com.ar\/index.php?rest_route=%2Fwp%2Fv2%2Fcomments&post=6944"}],"version-history":[{"count":2,"href":"https:\/\/www.impec.com.ar\/index.php?rest_route=\/wp\/v2\/pages\/6944\/revisions"}],"predecessor-version":[{"id":10235,"href":"https:\/\/www.impec.com.ar\/index.php?rest_route=\/wp\/v2\/pages\/6944\/revisions\/10235"}],"wp:featuredmedia":[{"embeddable":true,"href":"https:\/\/www.impec.com.ar\/index.php?rest_route=\/wp\/v2\/media\/6947"}],"wp:attachment":[{"href":"https:\/\/www.impec.com.ar\/index.php?rest_route=%2Fwp%2Fv2%2Fmedia&parent=6944"}],"curies":[{"name":"wp","href":"https:\/\/api.w.org\/{rel}","templated":true}]}}